{"id":51,"date":"2018-10-03T17:43:02","date_gmt":"2018-10-03T15:43:02","guid":{"rendered":"https:\/\/revocheck.org\/?page_id=51"},"modified":"2019-01-13T20:18:19","modified_gmt":"2019-01-13T19:18:19","slug":"lapplication","status":"publish","type":"page","link":"\/fr\/lapplication\/","title":{"rendered":"L&rsquo;application"},"content":{"rendered":"<h1>Objectifs de cette application<\/h1>\n<p>Voici les objectifs principaux qui m&rsquo;ont conduit \u00e0 cr\u00e9er cette application pour les possesseurs de recycleurs rEvo<\/p>\n<ul>\n<li>Rassurer les d\u00e9butants (dont je fais partie) surtout pendant la phase de pr\u00e9paration de la machine (le long check) via un assistant vid\u00e9o pas \u00e0 pas<\/li>\n<li>Proposer des pistes de correction quand on a un probl\u00e8me lors du check initial<\/li>\n<li>Cr\u00e9er un outil convivial &#8230; le \u00ab\u00a0monde\u00a0\u00bb des recycleurs est per\u00e7u comme \u00e9tant assez \u00ab\u00a0rugueux\u00a0\u00bb et j&rsquo;ai envie de d\u00e9mystifier tout \u00e7a pour mes amis qui n&rsquo;ont pas encore franchis le pas<\/li>\n<li>Regrouper en un point \u00ab\u00a0tout\u00a0\u00bb ce qu&rsquo;on a pu avoir comme informations lors de la formation et dans les \u00e9changes entre nous<\/li>\n<li>Noter au fur et \u00e0 mesure de nos progr\u00e8s les \u00ab\u00a0autres choses\u00a0\u00bb dont on a besoin (rappel de la dur\u00e9e de vie des filtres, que faire en cas de noyade etc.)<\/li>\n<li>&#8230;\/&#8230;<\/li>\n<\/ul>\n<h1>Quelques captures d&rsquo;\u00e9cran<\/h1>\n<p>Attention, l&rsquo;application \u00e9tant encore en plein d\u00e9veloppement les captures d&rsquo;\u00e9crans peuvent \u00eatre un peu diff\u00e9rentes entre ce qui est affich\u00e9 ici et la r\u00e9alit\u00e9 &#8230; n&rsquo;oubliez pas que votre avis est important et que les bonnes id\u00e9es doivent \u00eatre partag\u00e9es \ud83d\ude42<\/p>\n<h2>Version android<\/h2>\n<p><a href=\"\/wp-content\/uploads\/2018\/10\/revocheck-app-android-01.png\"><img loading=\"lazy\" decoding=\"async\" class=\"alignnone wp-image-96 size-medium\" src=\"\/wp-content\/uploads\/2018\/10\/revocheck-app-android-01-169x300.png\" alt=\"\" width=\"169\" height=\"300\" srcset=\"https:\/\/revocheck.org\/wp-content\/uploads\/2018\/10\/revocheck-app-android-01-169x300.png 169w, https:\/\/revocheck.org\/wp-content\/uploads\/2018\/10\/revocheck-app-android-01-768x1365.png 768w, https:\/\/revocheck.org\/wp-content\/uploads\/2018\/10\/revocheck-app-android-01-576x1024.png 576w, https:\/\/revocheck.org\/wp-content\/uploads\/2018\/10\/revocheck-app-android-01-608x1080.png 608w, https:\/\/revocheck.org\/wp-content\/uploads\/2018\/10\/revocheck-app-android-01.png 1080w\" sizes=\"auto, (max-width: 169px) 100vw, 169px\" \/><\/a> <a href=\"\/wp-content\/uploads\/2018\/10\/revocheck-app-android-02.png\"><img loading=\"lazy\" decoding=\"async\" class=\"alignnone wp-image-95 size-medium\" src=\"\/wp-content\/uploads\/2018\/10\/revocheck-app-android-02-169x300.png\" alt=\"\" width=\"169\" height=\"300\" srcset=\"https:\/\/revocheck.org\/wp-content\/uploads\/2018\/10\/revocheck-app-android-02-169x300.png 169w, https:\/\/revocheck.org\/wp-content\/uploads\/2018\/10\/revocheck-app-android-02-768x1365.png 768w, https:\/\/revocheck.org\/wp-content\/uploads\/2018\/10\/revocheck-app-android-02-576x1024.png 576w, https:\/\/revocheck.org\/wp-content\/uploads\/2018\/10\/revocheck-app-android-02-608x1080.png 608w, https:\/\/revocheck.org\/wp-content\/uploads\/2018\/10\/revocheck-app-android-02.png 1080w\" sizes=\"auto, (max-width: 169px) 100vw, 169px\" \/><\/a> <a href=\"\/wp-content\/uploads\/2018\/10\/revocheck-app-android-03.png\"><img loading=\"lazy\" decoding=\"async\" class=\"alignnone size-medium wp-image-94\" src=\"\/wp-content\/uploads\/2018\/10\/revocheck-app-android-03-169x300.png\" alt=\"\" width=\"169\" height=\"300\" srcset=\"https:\/\/revocheck.org\/wp-content\/uploads\/2018\/10\/revocheck-app-android-03-169x300.png 169w, https:\/\/revocheck.org\/wp-content\/uploads\/2018\/10\/revocheck-app-android-03-768x1365.png 768w, https:\/\/revocheck.org\/wp-content\/uploads\/2018\/10\/revocheck-app-android-03-576x1024.png 576w, https:\/\/revocheck.org\/wp-content\/uploads\/2018\/10\/revocheck-app-android-03-608x1080.png 608w, https:\/\/revocheck.org\/wp-content\/uploads\/2018\/10\/revocheck-app-android-03.png 1080w\" sizes=\"auto, (max-width: 169px) 100vw, 169px\" \/><\/a><\/p>\n<p>&nbsp;<\/p>\n<h2>Version ios<\/h2>\n<p><a href=\"\/wp-content\/uploads\/2018\/10\/revocheck-app-01.png\"><img loading=\"lazy\" decoding=\"async\" class=\"alignnone wp-image-83 size-medium\" src=\"\/wp-content\/uploads\/2018\/10\/revocheck-app-01-169x300.png\" alt=\"\" width=\"169\" height=\"300\" srcset=\"https:\/\/revocheck.org\/wp-content\/uploads\/2018\/10\/revocheck-app-01-169x300.png 169w, https:\/\/revocheck.org\/wp-content\/uploads\/2018\/10\/revocheck-app-01-768x1365.png 768w, https:\/\/revocheck.org\/wp-content\/uploads\/2018\/10\/revocheck-app-01-576x1024.png 576w, https:\/\/revocheck.org\/wp-content\/uploads\/2018\/10\/revocheck-app-01-1232x2190.png 1232w, https:\/\/revocheck.org\/wp-content\/uploads\/2018\/10\/revocheck-app-01-608x1080.png 608w, https:\/\/revocheck.org\/wp-content\/uploads\/2018\/10\/revocheck-app-01.png 1242w\" sizes=\"auto, (max-width: 169px) 100vw, 169px\" \/><\/a>\u00a0\u00a0 <a href=\"\/wp-content\/uploads\/2018\/10\/revocheck-app-02.png\"><img loading=\"lazy\" decoding=\"async\" class=\"alignnone wp-image-82 size-medium\" src=\"\/wp-content\/uploads\/2018\/10\/revocheck-app-02-169x300.png\" alt=\"\" width=\"169\" height=\"300\" srcset=\"https:\/\/revocheck.org\/wp-content\/uploads\/2018\/10\/revocheck-app-02-169x300.png 169w, https:\/\/revocheck.org\/wp-content\/uploads\/2018\/10\/revocheck-app-02-768x1365.png 768w, https:\/\/revocheck.org\/wp-content\/uploads\/2018\/10\/revocheck-app-02-576x1024.png 576w, https:\/\/revocheck.org\/wp-content\/uploads\/2018\/10\/revocheck-app-02-1232x2190.png 1232w, https:\/\/revocheck.org\/wp-content\/uploads\/2018\/10\/revocheck-app-02-608x1080.png 608w, https:\/\/revocheck.org\/wp-content\/uploads\/2018\/10\/revocheck-app-02.png 1242w\" sizes=\"auto, (max-width: 169px) 100vw, 169px\" \/><\/a>\u00a0\u00a0 <a href=\"\/wp-content\/uploads\/2018\/10\/revocheck-app-03.png\"><img loading=\"lazy\" decoding=\"async\" class=\"alignnone wp-image-81 size-medium\" src=\"\/wp-content\/uploads\/2018\/10\/revocheck-app-03-169x300.png\" alt=\"\" width=\"169\" height=\"300\" srcset=\"https:\/\/revocheck.org\/wp-content\/uploads\/2018\/10\/revocheck-app-03-169x300.png 169w, https:\/\/revocheck.org\/wp-content\/uploads\/2018\/10\/revocheck-app-03-768x1365.png 768w, https:\/\/revocheck.org\/wp-content\/uploads\/2018\/10\/revocheck-app-03-576x1024.png 576w, https:\/\/revocheck.org\/wp-content\/uploads\/2018\/10\/revocheck-app-03-1232x2190.png 1232w, https:\/\/revocheck.org\/wp-content\/uploads\/2018\/10\/revocheck-app-03-608x1080.png 608w, https:\/\/revocheck.org\/wp-content\/uploads\/2018\/10\/revocheck-app-03.png 1242w\" sizes=\"auto, (max-width: 169px) 100vw, 169px\" \/><\/a>\u00a0 <a href=\"\/wp-content\/uploads\/2018\/10\/revocheck-app-04.png\"><img loading=\"lazy\" decoding=\"async\" class=\"alignnone wp-image-80 size-medium\" src=\"\/wp-content\/uploads\/2018\/10\/revocheck-app-04-169x300.png\" alt=\"\" width=\"169\" height=\"300\" srcset=\"https:\/\/revocheck.org\/wp-content\/uploads\/2018\/10\/revocheck-app-04-169x300.png 169w, https:\/\/revocheck.org\/wp-content\/uploads\/2018\/10\/revocheck-app-04-768x1365.png 768w, https:\/\/revocheck.org\/wp-content\/uploads\/2018\/10\/revocheck-app-04-576x1024.png 576w, https:\/\/revocheck.org\/wp-content\/uploads\/2018\/10\/revocheck-app-04-1232x2190.png 1232w, https:\/\/revocheck.org\/wp-content\/uploads\/2018\/10\/revocheck-app-04-608x1080.png 608w, https:\/\/revocheck.org\/wp-content\/uploads\/2018\/10\/revocheck-app-04.png 1242w\" sizes=\"auto, (max-width: 169px) 100vw, 169px\" \/><\/a><\/p>\n<p>&nbsp;<\/p>\n","protected":false},"excerpt":{"rendered":"<p>Objectifs de cette application Voici les objectifs principaux qui m&rsquo;ont conduit \u00e0 cr\u00e9er cette application pour les possesseurs de recycleurs rEvo Rassurer les d\u00e9butants (dont je fais partie) surtout pendant la phase de pr\u00e9paration de la machine (le long check) via un assistant vid\u00e9o pas \u00e0 pas Proposer des pistes de correction quand on a&nbsp;&hellip;<\/p>\n","protected":false},"author":1,"featured_media":0,"parent":0,"menu_order":0,"comment_status":"closed","ping_status":"closed","template":"page-templates\/page-with-right-sidebar.php","meta":{"footnotes":""},"class_list":["post-51","page","type-page","status-publish","hentry"],"_links":{"self":[{"href":"\/fr\/wp-json\/wp\/v2\/pages\/51","targetHints":{"allow":["GET"]}}],"collection":[{"href":"\/fr\/wp-json\/wp\/v2\/pages"}],"about":[{"href":"\/fr\/wp-json\/wp\/v2\/types\/page"}],"author":[{"embeddable":true,"href":"\/fr\/wp-json\/wp\/v2\/users\/1"}],"replies":[{"embeddable":true,"href":"\/fr\/wp-json\/wp\/v2\/comments?post=51"}],"version-history":[{"count":4,"href":"\/fr\/wp-json\/wp\/v2\/pages\/51\/revisions"}],"predecessor-version":[{"id":126,"href":"\/fr\/wp-json\/wp\/v2\/pages\/51\/revisions\/126"}],"wp:attachment":[{"href":"\/fr\/wp-json\/wp\/v2\/media?parent=51"}],"curies":[{"name":"wp","href":"https:\/\/api.w.org\/{rel}","templated":true}]}}